{"id":11645,"date":"2025-08-04T12:07:33","date_gmt":"2025-08-04T10:07:33","guid":{"rendered":"https:\/\/www.ono-estetika.com\/?page_id=11645"},"modified":"2025-08-04T12:07:33","modified_gmt":"2025-08-04T10:07:33","slug":"plan-du-site","status":"publish","type":"page","link":"https:\/\/www.ono-estetika.com\/fr\/plan-du-site\/","title":{"rendered":"Plan du site"},"content":{"rendered":"<div class=\"fusion-fullwidth fullwidth-box fusion-builder-row-1 fusion-flex-container has-pattern-background has-mask-background nonhundred-percent-fullwidth non-hundred-percent-height-scrolling\" style=\"--awb-border-radius-top-left:0px;--awb-border-radius-top-right:0px;--awb-border-radius-bottom-right:0px;--awb-border-radius-bottom-left:0px;--awb-flex-wrap:wrap;\" ><div class=\"fusion-builder-row fusion-row fusion-flex-align-items-flex-start fusion-flex-content-wrap\" style=\"max-width:1248px;margin-left: calc(-4% \/ 2 );margin-right: calc(-4% \/ 2 );\"><div class=\"fusion-layout-column fusion_builder_column fusion-builder-column-0 fusion_builder_column_1_1 1_1 fusion-flex-column\" style=\"--awb-bg-size:cover;--awb-width-large:100%;--awb-margin-top-large:20px;--awb-spacing-right-large:1.92%;--awb-margin-bottom-large:20px;--awb-spacing-left-large:1.92%;--awb-width-medium:100%;--awb-order-medium:0;--awb-spacing-right-medium:1.92%;--awb-spacing-left-medium:1.92%;--awb-width-small:100%;--awb-order-small:0;--awb-spacing-right-small:1.92%;--awb-spacing-left-small:1.92%;\"><div class=\"fusion-column-wrapper fusion-column-has-shadow fusion-flex-justify-content-flex-start fusion-content-layout-column\"><div class=\"wsp-container\"><h2 class=\"wsp-pages-title\">Pages<\/h2>\n<ul class=\"wsp-pages-list\">\n<li class=\"page_item page-item-7143\"><a href=\"https:\/\/www.ono-estetika.com\/fr\/a-propos\/\">A propos<\/a><\/li>\n<li class=\"page_item page-item-5206\"><a href=\"https:\/\/www.ono-estetika.com\/fr\/\">Accueil<\/a><\/li>\n<li class=\"page_item page-item-5210\"><a href=\"https:\/\/www.ono-estetika.com\/fr\/blog\/\">Blog<\/a><\/li>\n<li class=\"page_item page-item-11685\"><a href=\"https:\/\/www.ono-estetika.com\/fr\/chirurgie-esthetique\/\">Chirurgie esth\u00e9tique<\/a><\/li>\n<li class=\"page_item page-item-6649\"><a href=\"https:\/\/www.ono-estetika.com\/fr\/cliniques\/\">Cliniques<\/a><\/li>\n<li class=\"page_item page-item-12495\"><a href=\"https:\/\/www.ono-estetika.com\/fr\/conditions-generales\/\">Conditions g\u00e9n\u00e9rales<\/a><\/li>\n<li class=\"page_item page-item-5229\"><a href=\"https:\/\/www.ono-estetika.com\/fr\/contact\/\">Contact<\/a><\/li>\n<li class=\"page_item page-item-10925\"><a href=\"https:\/\/www.ono-estetika.com\/fr\/emplois\/\">Emplois<\/a><\/li>\n<li class=\"page_item page-item-11651\"><a href=\"https:\/\/www.ono-estetika.com\/fr\/medecine-esthetique\/\">M\u00e9decine esth\u00e9tique<\/a><\/li>\n<li class=\"page_item page-item-6933\"><a href=\"https:\/\/www.ono-estetika.com\/fr\/nos-evenements\/\">Nos \u00e9v\u00e8nements<\/a><\/li>\n<li class=\"page_item page-item-7684\"><a href=\"https:\/\/www.ono-estetika.com\/fr\/nos-partenaires\/\">Nos partenaires<\/a><\/li>\n<li class=\"page_item page-item-6734\"><a href=\"https:\/\/www.ono-estetika.com\/fr\/nos-specialistes\/\">Nos sp\u00e9cialistes<\/a><\/li>\n<li class=\"page_item page-item-7139\"><a href=\"https:\/\/www.ono-estetika.com\/fr\/nos-traitements\/\">Nos traitements<\/a><\/li>\n<li class=\"page_item page-item-11645\"><a href=\"https:\/\/www.ono-estetika.com\/fr\/plan-du-site\/\">Plan du site<\/a><\/li>\n<li class=\"page_item page-item-3\"><a href=\"https:\/\/www.ono-estetika.com\/fr\/politique-de-confidentialite\/\">Politique de confidentialit\u00e9<\/a><\/li>\n<\/ul>\n<h2 class=\"wsp-posts-title\">Articles par cat\u00e9gorie<\/h2>\n<ul class=\"wsp-posts-list\">\n\t<li><strong class=\"wsp-category-title\">Cat\u00e9gorie\u00a0: <a href=\"https:\/\/www.ono-estetika.com\/fr\/category\/romandie\/\">Romandie<\/a><\/strong>\n<ul class=\"wsp-posts-list\">\t\t<li class=\"wsp-post\"><a href=\"https:\/\/www.ono-estetika.com\/fr\/injections-dacide-hyaluronique-pour-les-levres-en-suisse\/\">Injections d\u2019acide hyaluronique pour les l\u00e8vres en Suisse<\/a><\/li>\n\t\t<li class=\"wsp-post\"><a href=\"https:\/\/www.ono-estetika.com\/fr\/toxine-botulique-lart-de-lexpression-juste-chez-ono-estetika\/\">Toxine botulique : l\u2019art de l\u2019expression juste chez ono estetika<\/a><\/li>\n\t\t<li class=\"wsp-post\"><a href=\"https:\/\/www.ono-estetika.com\/fr\/lifting-des-levres-comment-sublimer-son-sourire-en-suisse\/\">Lifting des l\u00e8vres : comment sublimer son sourire ?<\/a><\/li>\n\t\t<li class=\"wsp-post\"><a href=\"https:\/\/www.ono-estetika.com\/fr\/brow-lift-ou-fox-eyes-quel-traitement-du-regard-choisir-en-suisse\/\">Brow lift ou fox eyes : quel traitement du regard choisir en Suisse ?<\/a><\/li>\n\t\t<li class=\"wsp-post\"><a href=\"https:\/\/www.ono-estetika.com\/fr\/erreurs-a-eviter-en-medecine-esthetique-guide-complet-suisse-2025\/\">Quelles sont les erreurs \u00e0 \u00e9viter en m\u00e9decine esth\u00e9tique ? Guide complet Suisse 2025<\/a><\/li>\n\t\t<li class=\"wsp-post\"><a href=\"https:\/\/www.ono-estetika.com\/fr\/blepharoplastie-en-suisse\/\">Bl\u00e9pharoplastie en Suisse : les paupi\u00e8res, ou l&rsquo;art subtil de retrouver son regard<\/a><\/li>\n\t\t<li class=\"wsp-post\"><a href=\"https:\/\/www.ono-estetika.com\/fr\/comment-choisir-sa-clinique-de-medecine-esthetique-en-suisse-romande\/\">Comment choisir sa clinique de m\u00e9decine esth\u00e9tique en Suisse romande ?<\/a><\/li>\n<\/ul><\/li>\n<\/ul>\n<h2 class=\"wsp-cliniques-title\">Cliniques<\/h2>\n<ul class=\"wsp-cliniques-list\">\n<li><a href=\"https:\/\/www.ono-estetika.com\/fr\/clinique\/clinique-elan-by-ono\/\">Clinique Elan by OnO<\/a><\/li>\n<li><a href=\"https:\/\/www.ono-estetika.com\/fr\/clinique\/petit-lancy\/\">ono estetika Clinique Petit-Lancy<\/a><\/li>\n<li><a href=\"https:\/\/www.ono-estetika.com\/fr\/clinique\/ono-estetika-clinic-schaffhouse\/\">ono estetika Clinic Schaffhouse<\/a><\/li>\n<li><a href=\"https:\/\/www.ono-estetika.com\/fr\/clinique\/lachen\/\">ono estetika Clinic Lachen<\/a><\/li>\n<li><a href=\"https:\/\/www.ono-estetika.com\/fr\/clinique\/vesenaz\/\">ono estetika Centre V\u00e9senaz<\/a><\/li>\n<li><a href=\"https:\/\/www.ono-estetika.com\/fr\/clinique\/elan-riviera-montreux\/\">Elan Riviera Montreux<\/a><\/li>\n<li><a href=\"https:\/\/www.ono-estetika.com\/fr\/clinique\/sion\/\">ono estetika Clinique Sion<\/a><\/li>\n<li><a href=\"https:\/\/www.ono-estetika.com\/fr\/clinique\/mediform\/\">ono estetika Clinic Mediform Amriswil<\/a><\/li>\n<li><a href=\"https:\/\/www.ono-estetika.com\/fr\/clinique\/wallisellen\/\">ono estetika Clinic Glatt Wallisellen<\/a><\/li>\n<li><a href=\"https:\/\/www.ono-estetika.com\/fr\/clinique\/bellevue\/\">ono estetika Clinic Bellevue<\/a><\/li>\n<\/ul>\n<h2 class=\"wsp-docteurs-title\">Docteurs<\/h2>\n<ul class=\"wsp-docteurs-list\">\n<li><a href=\"https:\/\/www.ono-estetika.com\/fr\/docteur\/dre-michele-chemali\/\">Dre. Michele Chemali<\/a><\/li>\n<li><a href=\"https:\/\/www.ono-estetika.com\/fr\/docteur\/dr-alessandra-balducci\/\">Dr. Alessandra Balducci<\/a><\/li>\n<li><a href=\"https:\/\/www.ono-estetika.com\/fr\/docteur\/dr-med-franziska-naef\/\">Dr. med. Franziska N\u00e4f<\/a><\/li>\n<li><a href=\"https:\/\/www.ono-estetika.com\/fr\/docteur\/dr-med-franziska-naf\/\">Dr. med. Franziska N\u00e4f<\/a><\/li>\n<li><a href=\"https:\/\/www.ono-estetika.com\/fr\/docteur\/liudmyla-petric\/\">Liudmyla Petric<\/a><\/li>\n<li><a href=\"https:\/\/www.ono-estetika.com\/fr\/docteur\/dre-dominique-schaakxs\/\">Dre. Dominique Schaakxs<\/a><\/li>\n<li><a href=\"https:\/\/www.ono-estetika.com\/fr\/docteur\/dr-nicolas-balague\/\">Dr. Nicolas Balagu\u00e9<\/a><\/li>\n<li><a href=\"https:\/\/www.ono-estetika.com\/fr\/docteur\/dr-david-schapiro\/\">Dr. David Schapiro<\/a><\/li>\n<li><a href=\"https:\/\/www.ono-estetika.com\/fr\/docteur\/dr-marc-a-peter\/\">Dr. Marc A. Peter<\/a><\/li>\n<li><a href=\"https:\/\/www.ono-estetika.com\/fr\/docteur\/dr-elena-torres\/\">Dr. Elena Torres<\/a><\/li>\n<li><a href=\"https:\/\/www.ono-estetika.com\/fr\/docteur\/dr-karel-de-jong\/\">Dr. Karel de Jong<\/a><\/li>\n<\/ul>\n<h2 class=\"wsp-traitements-title\">Traitements<\/h2>\n<ul class=\"wsp-traitements-list\">\n<li><a href=\"https:\/\/www.ono-estetika.com\/fr\/traitement\/babyglow-by-teoxane\/\">BabyGLOW\u2122 by Teoxane<\/a><\/li>\n<li><a href=\"https:\/\/www.ono-estetika.com\/fr\/traitement\/cellbooster\/\">CELLBOOSTER\u00ae<\/a><\/li>\n<li><a href=\"https:\/\/www.ono-estetika.com\/fr\/traitement\/polynucleotides-pn-pdrn\/\">Polynucl\u00e9otides (PN \/ PDRN)<\/a><\/li>\n<li><a href=\"https:\/\/www.ono-estetika.com\/fr\/traitement\/profhilo-body\/\">Profhilo\u00ae Body<\/a><\/li>\n<li><a href=\"https:\/\/www.ono-estetika.com\/fr\/traitement\/profhilo-structura\/\">Profhilo\u00ae Structura<\/a><\/li>\n<li><a href=\"https:\/\/www.ono-estetika.com\/fr\/traitement\/profhilo\/\">Profhilo\u00ae<\/a><\/li>\n<li><a href=\"https:\/\/www.ono-estetika.com\/fr\/traitement\/hydroxyapatite-de-calcium-radiesse\/\">Hydroxyapatite de calcium (Radiesse\u00ae)<\/a><\/li>\n<li><a href=\"https:\/\/www.ono-estetika.com\/fr\/traitement\/microneedling-medical\/\">Microneedling m\u00e9dical<\/a><\/li>\n<li><a href=\"https:\/\/www.ono-estetika.com\/fr\/traitement\/bichectomie-2\/\">Bichectomie<\/a><\/li>\n<li><a href=\"https:\/\/www.ono-estetika.com\/fr\/traitement\/correction-de-cicatrices\/\">Correction de cicatrices<\/a><\/li>\n<li><a href=\"https:\/\/www.ono-estetika.com\/fr\/traitement\/excision-de-lesions-malignes\/\">Excision de l\u00e9sions malignes<\/a><\/li>\n<li><a href=\"https:\/\/www.ono-estetika.com\/fr\/traitement\/excision-de-lesions-benignes\/\">Excision de l\u00e9sions b\u00e9nignes<\/a><\/li>\n<li><a href=\"https:\/\/www.ono-estetika.com\/fr\/traitement\/rhinoplastie-complete\/\">Rhinoplastie compl\u00e8te<\/a><\/li>\n<li><a href=\"https:\/\/www.ono-estetika.com\/fr\/traitement\/abdominoplastie-2\/\">Abdominoplastie<\/a><\/li>\n<li><a href=\"https:\/\/www.ono-estetika.com\/fr\/traitement\/augmentation-mammaire-2\/\">Augmentation mammaire<\/a><\/li>\n<li><a href=\"https:\/\/www.ono-estetika.com\/fr\/traitement\/rhinoplastie-partielle\/\">Rhinoplastie partielle<\/a><\/li>\n<li><a href=\"https:\/\/www.ono-estetika.com\/fr\/traitement\/lipolyse\/\">Lipolyse<\/a><\/li>\n<li><a href=\"https:\/\/www.ono-estetika.com\/fr\/traitement\/rrs-cellutrix\/\">RRS\u00ae Cellutrix<\/a><\/li>\n<li><a href=\"https:\/\/www.ono-estetika.com\/fr\/traitement\/dermabrasion\/\">Dermabrasion<\/a><\/li>\n<li><a href=\"https:\/\/www.ono-estetika.com\/fr\/traitement\/blepharoplastie-superieure-et-inferieure\/\">Bl\u00e9pharoplastie sup\u00e9rieure et\/ou inf\u00e9rieure<\/a><\/li>\n<li><a href=\"https:\/\/www.ono-estetika.com\/fr\/traitement\/lipofilling-nanofilling-du-visage\/\">Lipofilling \/ Nanofilling du visage<\/a><\/li>\n<li><a href=\"https:\/\/www.ono-estetika.com\/fr\/traitement\/greffe-de-derme\/\">Greffe de derme<\/a><\/li>\n<li><a href=\"https:\/\/www.ono-estetika.com\/fr\/traitement\/lifting-de-la-levre-superieure\/\">Lifting de la l\u00e8vre sup\u00e9rieure<\/a><\/li>\n<li><a href=\"https:\/\/www.ono-estetika.com\/fr\/traitement\/lifting-des-sourcils\/\">Lifting des sourcils<\/a><\/li>\n<li><a href=\"https:\/\/www.ono-estetika.com\/fr\/traitement\/lifting-du-cou\/\">Lifting du cou<\/a><\/li>\n<li><a href=\"https:\/\/www.ono-estetika.com\/fr\/traitement\/lifting-du-visage\/\">Lifting du visage<\/a><\/li>\n<li><a href=\"https:\/\/www.ono-estetika.com\/fr\/traitement\/lifting-des-bras\/\">Lifting des bras<\/a><\/li>\n<li><a href=\"https:\/\/www.ono-estetika.com\/fr\/traitement\/lifting-des-cuisses\/\">Lifting des cuisses<\/a><\/li>\n<li><a href=\"https:\/\/www.ono-estetika.com\/fr\/traitement\/lipoedeme\/\">Lipoedeme<\/a><\/li>\n<li><a href=\"https:\/\/www.ono-estetika.com\/fr\/traitement\/lipoaspiration-du-corps\/\">Lipoaspiration du corps<\/a><\/li>\n<li><a href=\"https:\/\/www.ono-estetika.com\/fr\/traitement\/reconstruction-mammaire-par-protheses\/\">Reconstruction mammaire par proth\u00e8ses<\/a><\/li>\n<li><a href=\"https:\/\/www.ono-estetika.com\/fr\/traitement\/gynecomastie\/\">Gyn\u00e9comastie<\/a><\/li>\n<li><a href=\"https:\/\/www.ono-estetika.com\/fr\/traitement\/mastopexie-lifting-mammaire\/\">Mastopexie (lifting mammaire)<\/a><\/li>\n<li><a href=\"https:\/\/www.ono-estetika.com\/fr\/traitement\/reductionmammaire\/\">R\u00e9duction mammaire<\/a><\/li>\n<li><a href=\"https:\/\/www.ono-estetika.com\/fr\/traitement\/otoplastie\/\">Otoplastie<\/a><\/li>\n<li><a href=\"https:\/\/www.ono-estetika.com\/fr\/traitement\/radiofrequence\/\">Radiofr\u00e9quence<\/a><\/li>\n<li><a href=\"https:\/\/www.ono-estetika.com\/fr\/traitement\/bio-regeneration-et-revitalisation\/\">Bio-r\u00e9g\u00e9n\u00e9ration et revitalisation<\/a><\/li>\n<li><a href=\"https:\/\/www.ono-estetika.com\/fr\/traitement\/carboxytherapie\/\">Carboxyth\u00e9rapie<\/a><\/li>\n<li><a href=\"https:\/\/www.ono-estetika.com\/fr\/traitement\/peelings\/\">Peelings<\/a><\/li>\n<li><a href=\"https:\/\/www.ono-estetika.com\/fr\/traitement\/mesotherapie\/\">M\u00e9soth\u00e9rapie<\/a><\/li>\n<li><a href=\"https:\/\/www.ono-estetika.com\/fr\/traitement\/ablation-de-neoformations-benignes\/\">Ablation de n\u00e9oformations b\u00e9nignes<\/a><\/li>\n<li><a href=\"https:\/\/www.ono-estetika.com\/fr\/traitement\/prp-vampire-lift\/\">PRP - Vampire Lift<\/a><\/li>\n<li><a href=\"https:\/\/www.ono-estetika.com\/fr\/traitement\/acide-hyaluronique\/\">Acide hyaluronique<\/a><\/li>\n<li><a href=\"https:\/\/www.ono-estetika.com\/fr\/traitement\/toxine-botulique\/\">Toxine Botulique<\/a><\/li>\n<\/ul>\n<h2 class=\"wsp-evenements-title\">\u00c9v\u00e9nements<\/h2>\n<ul class=\"wsp-evenements-list\">\n<li><a href=\"https:\/\/www.ono-estetika.com\/fr\/evenement\/soiree-profhilo-ono-estetika-geneve\/\">Soir\u00e9e Profhilo\u00ae @ ono estetika Gen\u00e8ve<\/a><\/li>\n<li><a href=\"https:\/\/www.ono-estetika.com\/fr\/evenement\/soiree-before-noel\/\">Soir\u00e9e Before No\u00ebl<\/a><\/li>\n<li><a href=\"https:\/\/www.ono-estetika.com\/fr\/event\/einladung-zum-pre-christmas-soiree-bei-ono-estetika\/\">Einladung zum Pre-Christmas Soir\u00e9e bei ono estetika<\/a><\/li>\n<li><a href=\"https:\/\/www.ono-estetika.com\/fr\/event\/ihr-beautyabend-bei-ono-estetika-in-schaffhausen\/\">Ihr Beautyabend bei ono estetika in Schaffhausen<\/a><\/li>\n<li><a href=\"https:\/\/www.ono-estetika.com\/fr\/evenement\/soiree-exclusive-avec-le-dr-david-schapiro\/\">Soir\u00e9e exclusive avec le Dr David Schapiro<\/a><\/li>\n<li><a href=\"https:\/\/www.ono-estetika.com\/fr\/event\/carboxy-event-die-innovativste-sauerstoffkur-fuer-ihre-haut-effektiv-natuerlich-sanft\/\">Carboxy Event: Die innovativste Sauerstoffkur f\u00fcr Ihre Haut \u2013 effektiv, nat\u00fcrlich &amp; sanft<\/a><\/li>\n<li><a href=\"https:\/\/www.ono-estetika.com\/fr\/event\/einladung-zum-exklusiven-gynaekomastie-event\/\">Einladung zum exklusiven Gyn\u00e4komastie Event<\/a><\/li>\n<li><a href=\"https:\/\/www.ono-estetika.com\/fr\/event\/einladung-zum-exklusiven-spring-event-ono-estetika-clinic-bellevue\/\">Einladung zum exklusiven Spring Event ono estetika Clinic Bellevue<\/a><\/li>\n<li><a href=\"https:\/\/www.ono-estetika.com\/fr\/event\/einladung-zum-exklusiven-eroeffnungsapero-ono-estetika-clinic-bellevue\/\">Einladung zum exklusiven Er\u00f6ffnungsap\u00e9ro ono estetika Clinic Bellevue<\/a><\/li>\n<li><a href=\"https:\/\/www.ono-estetika.com\/fr\/evenement\/soiree-de-noel-chez-ono-estetika\/\">Soir\u00e9e de No\u00ebl chez ono estetika<\/a><\/li>\n<li><a href=\"https:\/\/www.ono-estetika.com\/fr\/evenement\/nad-injection-rendevous\/\">NAD+ &amp; Injection Rendevous<\/a><\/li>\n<\/ul>\n<h2 class=\"wsp-jobss-title\">Jobs<\/h2>\n<ul class=\"wsp-jobss-list\">\n<li><a href=\"https:\/\/www.ono-estetika.com\/fr\/jobs\/chirurgienne-plasticienne-esthetique-en-interventions-ambulatoires\/\">Chirurgien(ne) Plasticien(ne) Esth\u00e9tique en Interventions Ambulatoires<\/a><\/li>\n<\/ul>\n<h2 class=\"wsp-cosmetics-title\">Cosmetics<\/h2>\n<ul class=\"wsp-cosmetics-list\">\n<li><a href=\"https:\/\/www.ono-estetika.com\/fr\/cosmetic\/brenda-sanchez\/\">Brenda Sanchez<\/a><\/li>\n<li><a href=\"https:\/\/www.ono-estetika.com\/fr\/cosmetic\/micaela-da-cunha\/\">Micaela da Cunha<\/a><\/li>\n<\/ul>\n<h2 class=\"wsp-event-regions-title\">R\u00e9gions de l&#039;\u00e9v\u00e8nement<\/h2>\n<ul class=\"wsp-event-regions-list\">\n<li><a href=\"https:\/\/www.ono-estetika.com\/fr\/event-region\/romandie\/\">Romandie<\/a><\/li>\n<\/ul>\n<h2 class=\"wsp-prise_rendez_vouss-title\">Prises de rendez-vous<\/h2>\n<ul class=\"wsp-prise_rendez_vouss-list\">\n<li><a href=\"https:\/\/www.ono-estetika.com\/fr\/prise_rendez_vous\/non\/\">Non<\/a><\/li>\n<\/ul>\n<\/div><\/div><\/div><\/div><\/div>\n","protected":false},"excerpt":{"rendered":"","protected":false},"author":15,"featured_media":0,"parent":0,"menu_order":0,"comment_status":"closed","ping_status":"closed","template":"100-width.php","meta":{"_acf_changed":false,"footnotes":""},"class_list":["post-11645","page","type-page","status-publish","hentry"],"acf":[],"yoast_head":"<!-- This site is optimized with the Yoast SEO Premium plugin v24.5 (Yoast SEO v27.5) - https:\/\/yoast.com\/product\/yoast-seo-premium-wordpress\/ -->\n<title>Plan du site - ono estetika - M\u00e9decine et chirurgie esth\u00e9tique<\/title>\n<meta name=\"robots\" content=\"index, follow, max-snippet:-1, max-image-preview:large, max-video-preview:-1\" \/>\n<link rel=\"canonical\" href=\"https:\/\/www.ono-estetika.com\/fr\/plan-du-site\/\" \/>\n<meta property=\"og:locale\" content=\"fr_FR\" \/>\n<meta property=\"og:type\" content=\"article\" \/>\n<meta property=\"og:title\" content=\"Plan du site\" \/>\n<meta property=\"og:url\" content=\"https:\/\/www.ono-estetika.com\/fr\/plan-du-site\/\" \/>\n<meta property=\"og:site_name\" content=\"ono estetika\" \/>\n<meta property=\"article:publisher\" content=\"https:\/\/www.facebook.com\/onoestetika\" \/>\n<meta property=\"og:image\" content=\"https:\/\/www.ono-estetika.com\/wp-content\/uploads\/2023\/11\/ono-estetika-clinic-bellevue.jpg\" \/>\n\t<meta property=\"og:image:width\" content=\"2048\" \/>\n\t<meta property=\"og:image:height\" content=\"1365\" \/>\n\t<meta property=\"og:image:type\" content=\"image\/jpeg\" \/>\n<meta name=\"twitter:card\" content=\"summary_large_image\" \/>\n<script type=\"application\/ld+json\" class=\"yoast-schema-graph\">{\"@context\":\"https:\\\/\\\/schema.org\",\"@graph\":[{\"@type\":\"WebPage\",\"@id\":\"https:\\\/\\\/www.ono-estetika.com\\\/fr\\\/plan-du-site\\\/\",\"url\":\"https:\\\/\\\/www.ono-estetika.com\\\/fr\\\/plan-du-site\\\/\",\"name\":\"Plan du site - ono estetika - M\u00e9decine et chirurgie esth\u00e9tique\",\"isPartOf\":{\"@id\":\"https:\\\/\\\/www.ono-estetika.com\\\/fr\\\/#website\"},\"datePublished\":\"2025-08-04T10:07:33+00:00\",\"breadcrumb\":{\"@id\":\"https:\\\/\\\/www.ono-estetika.com\\\/fr\\\/plan-du-site\\\/#breadcrumb\"},\"inLanguage\":\"fr-FR\",\"potentialAction\":[{\"@type\":\"ReadAction\",\"target\":[\"https:\\\/\\\/www.ono-estetika.com\\\/fr\\\/plan-du-site\\\/\"]}]},{\"@type\":\"BreadcrumbList\",\"@id\":\"https:\\\/\\\/www.ono-estetika.com\\\/fr\\\/plan-du-site\\\/#breadcrumb\",\"itemListElement\":[{\"@type\":\"ListItem\",\"position\":1,\"name\":\"Accueil\",\"item\":\"https:\\\/\\\/www.ono-estetika.com\\\/fr\\\/\"},{\"@type\":\"ListItem\",\"position\":2,\"name\":\"Plan du site\"}]},{\"@type\":\"WebSite\",\"@id\":\"https:\\\/\\\/www.ono-estetika.com\\\/fr\\\/#website\",\"url\":\"https:\\\/\\\/www.ono-estetika.com\\\/fr\\\/\",\"name\":\"ono estetika\",\"description\":\"M\u00e9decine et chirurgie esth\u00e9tique\",\"publisher\":{\"@id\":\"https:\\\/\\\/www.ono-estetika.com\\\/fr\\\/#organization\"},\"potentialAction\":[{\"@type\":\"SearchAction\",\"target\":{\"@type\":\"EntryPoint\",\"urlTemplate\":\"https:\\\/\\\/www.ono-estetika.com\\\/fr\\\/?s={search_term_string}\"},\"query-input\":{\"@type\":\"PropertyValueSpecification\",\"valueRequired\":true,\"valueName\":\"search_term_string\"}}],\"inLanguage\":\"fr-FR\"},{\"@type\":\"Organization\",\"@id\":\"https:\\\/\\\/www.ono-estetika.com\\\/fr\\\/#organization\",\"name\":\"ono estetika\",\"url\":\"https:\\\/\\\/www.ono-estetika.com\\\/fr\\\/\",\"logo\":{\"@type\":\"ImageObject\",\"inLanguage\":\"fr-FR\",\"@id\":\"https:\\\/\\\/www.ono-estetika.com\\\/fr\\\/#\\\/schema\\\/logo\\\/image\\\/\",\"url\":\"https:\\\/\\\/www.ono-estetika.com\\\/wp-content\\\/uploads\\\/2023\\\/11\\\/Estetika-logo-marron.svg\",\"contentUrl\":\"https:\\\/\\\/www.ono-estetika.com\\\/wp-content\\\/uploads\\\/2023\\\/11\\\/Estetika-logo-marron.svg\",\"width\":1510.5,\"height\":474,\"caption\":\"ono estetika\"},\"image\":{\"@id\":\"https:\\\/\\\/www.ono-estetika.com\\\/fr\\\/#\\\/schema\\\/logo\\\/image\\\/\"},\"sameAs\":[\"https:\\\/\\\/www.facebook.com\\\/onoestetika\",\"https:\\\/\\\/www.instagram.com\\\/onoestetika\",\"https:\\\/\\\/www.tiktok.com\\\/@onoestetika\",\"https:\\\/\\\/www.linkedin.com\\\/company\\\/ono-estetika\\\/\"]}]}<\/script>\n<!-- \/ Yoast SEO Premium plugin. -->","yoast_head_json":{"title":"Plan du site - ono estetika - M\u00e9decine et chirurgie esth\u00e9tique","robots":{"index":"index","follow":"follow","max-snippet":"max-snippet:-1","max-image-preview":"max-image-preview:large","max-video-preview":"max-video-preview:-1"},"canonical":"https:\/\/www.ono-estetika.com\/fr\/plan-du-site\/","og_locale":"fr_FR","og_type":"article","og_title":"Plan du site","og_url":"https:\/\/www.ono-estetika.com\/fr\/plan-du-site\/","og_site_name":"ono estetika","article_publisher":"https:\/\/www.facebook.com\/onoestetika","og_image":[{"width":2048,"height":1365,"url":"https:\/\/www.ono-estetika.com\/wp-content\/uploads\/2023\/11\/ono-estetika-clinic-bellevue.jpg","type":"image\/jpeg"}],"twitter_card":"summary_large_image","schema":{"@context":"https:\/\/schema.org","@graph":[{"@type":"WebPage","@id":"https:\/\/www.ono-estetika.com\/fr\/plan-du-site\/","url":"https:\/\/www.ono-estetika.com\/fr\/plan-du-site\/","name":"Plan du site - ono estetika - M\u00e9decine et chirurgie esth\u00e9tique","isPartOf":{"@id":"https:\/\/www.ono-estetika.com\/fr\/#website"},"datePublished":"2025-08-04T10:07:33+00:00","breadcrumb":{"@id":"https:\/\/www.ono-estetika.com\/fr\/plan-du-site\/#breadcrumb"},"inLanguage":"fr-FR","potentialAction":[{"@type":"ReadAction","target":["https:\/\/www.ono-estetika.com\/fr\/plan-du-site\/"]}]},{"@type":"BreadcrumbList","@id":"https:\/\/www.ono-estetika.com\/fr\/plan-du-site\/#breadcrumb","itemListElement":[{"@type":"ListItem","position":1,"name":"Accueil","item":"https:\/\/www.ono-estetika.com\/fr\/"},{"@type":"ListItem","position":2,"name":"Plan du site"}]},{"@type":"WebSite","@id":"https:\/\/www.ono-estetika.com\/fr\/#website","url":"https:\/\/www.ono-estetika.com\/fr\/","name":"ono estetika","description":"M\u00e9decine et chirurgie esth\u00e9tique","publisher":{"@id":"https:\/\/www.ono-estetika.com\/fr\/#organization"},"potentialAction":[{"@type":"SearchAction","target":{"@type":"EntryPoint","urlTemplate":"https:\/\/www.ono-estetika.com\/fr\/?s={search_term_string}"},"query-input":{"@type":"PropertyValueSpecification","valueRequired":true,"valueName":"search_term_string"}}],"inLanguage":"fr-FR"},{"@type":"Organization","@id":"https:\/\/www.ono-estetika.com\/fr\/#organization","name":"ono estetika","url":"https:\/\/www.ono-estetika.com\/fr\/","logo":{"@type":"ImageObject","inLanguage":"fr-FR","@id":"https:\/\/www.ono-estetika.com\/fr\/#\/schema\/logo\/image\/","url":"https:\/\/www.ono-estetika.com\/wp-content\/uploads\/2023\/11\/Estetika-logo-marron.svg","contentUrl":"https:\/\/www.ono-estetika.com\/wp-content\/uploads\/2023\/11\/Estetika-logo-marron.svg","width":1510.5,"height":474,"caption":"ono estetika"},"image":{"@id":"https:\/\/www.ono-estetika.com\/fr\/#\/schema\/logo\/image\/"},"sameAs":["https:\/\/www.facebook.com\/onoestetika","https:\/\/www.instagram.com\/onoestetika","https:\/\/www.tiktok.com\/@onoestetika","https:\/\/www.linkedin.com\/company\/ono-estetika\/"]}]}},"_links":{"self":[{"href":"https:\/\/www.ono-estetika.com\/fr\/wp-json\/wp\/v2\/pages\/11645","targetHints":{"allow":["GET"]}}],"collection":[{"href":"https:\/\/www.ono-estetika.com\/fr\/wp-json\/wp\/v2\/pages"}],"about":[{"href":"https:\/\/www.ono-estetika.com\/fr\/wp-json\/wp\/v2\/types\/page"}],"author":[{"embeddable":true,"href":"https:\/\/www.ono-estetika.com\/fr\/wp-json\/wp\/v2\/users\/15"}],"replies":[{"embeddable":true,"href":"https:\/\/www.ono-estetika.com\/fr\/wp-json\/wp\/v2\/comments?post=11645"}],"version-history":[{"count":1,"href":"https:\/\/www.ono-estetika.com\/fr\/wp-json\/wp\/v2\/pages\/11645\/revisions"}],"predecessor-version":[{"id":11646,"href":"https:\/\/www.ono-estetika.com\/fr\/wp-json\/wp\/v2\/pages\/11645\/revisions\/11646"}],"wp:attachment":[{"href":"https:\/\/www.ono-estetika.com\/fr\/wp-json\/wp\/v2\/media?parent=11645"}],"curies":[{"name":"wp","href":"https:\/\/api.w.org\/{rel}","templated":true}]}}